{"id":12,"date":"2023-06-08T08:31:07","date_gmt":"2023-06-08T08:31:07","guid":{"rendered":"http:\/\/193.194.89.179\/wp_lmstd\/?page_id=12"},"modified":"2025-04-27T08:02:17","modified_gmt":"2025-04-27T08:02:17","slug":"these","status":"publish","type":"page","link":"https:\/\/lmstd.usthb.dz\/index.php\/these\/","title":{"rendered":"Th\u00e8ses de Doctorat"},"content":{"rendered":"\n<h2 class=\"wp-block-heading\">2024<\/h2>\n\n\n\n<p><\/p>\n\n\n\n<ol style=\"background:linear-gradient(89deg,rgb(255,203,112) 0%,rgb(199,81,192) 100%,rgb(65,88,208) 100%)\" class=\"wp-block-list has-background\">\n<li>&nbsp;<em>Estimation non param\u00e9trique de la fonction de hasard dans le mod\u00e8le de censure.<\/em> <em> <\/em>Soutenue en <strong>2024<\/strong> par <strong>Dhiabi Samra<\/strong>, dirig\u00e9e par Pr. Sadki Ourida.<\/li>\n\n\n\n<li><em>Sur la r\u00e9gression non param\u00e9trique par erreurs relatives<\/em>. Soutenue en <strong>202<\/strong>4 par <strong>Benzamouche  Sabrina<\/strong>, dirig\u00e9e par Pr. Sadki Ourida. et Pr Ould-Said Elias<\/li>\n\n\n\n<li><em>Estimation non param\u00e9trique de la fonction de r\u00e9gression par erreur relative pour des donn\u00e9es tronqu\u00e9es \u00e0 gauche et censur\u00e9es \u00e0 droite soumises \u00e0 une structure de d\u00e9pendance<\/em>.  Soutenue en <strong>202<\/strong>4 par <strong>Bayarassou Nassima<\/strong>, dirig\u00e9e par Pr Ould-Said Elias et Dr Hamrani Farida.<\/li>\n\n\n\n<li><em>Mod\u00e9lisation de donn\u00e9es d\u00e9pendantes et incompl\u00e8tes: \u00e9tude de certains estimateurs<\/em>. Soutenue en <strong>202<\/strong>4 par <strong>El Alem  Kaber Mohamed<\/strong>, dirig\u00e9e par Pr. Guessoum Zohra et Pr Tatachak Abdelkader.<\/li>\n\n\n\n<li>&#8220;Mod\u00e9lisation al\u00e9atoire et traitement des donn\u00e9es sismologiques en forecasting.&#8221; . Soutenue en 2024 par <strong>Merdasse Mounia<\/strong>, dirig\u00e9e par Pr. Medkour et Pr Mohamed Hamdache.<\/li>\n\n\n\n<li>Analysis of the quantity of life of spatial data. Soutenue en 2024 par <strong>Bouchafaa Asma<\/strong>, dirig\u00e9e par Pr. Djaballah Khedidja.<\/li>\n<\/ol>\n\n\n\n<h2 class=\"wp-block-heading\">2023<\/h2>\n\n\n\n<ol style=\"background:linear-gradient(89deg,rgb(255,203,112) 0%,rgb(199,81,192) 100%,rgb(65,88,208) 100%)\" class=\"wp-block-list has-background\">\n<li><em>Propri\u00e9t\u00e9s asymptotiques des estimateurs \u00e0 noyaux non sym\u00e9triques pour des donn\u00e9es incompl\u00e8tes. <\/em>Soutenue en <strong>2023<\/strong> par <strong>Ghettab Sarah<\/strong>, dirig\u00e9e par Pr. Guessoum Zohra.<\/li>\n<\/ol>\n\n\n\n<h2 class=\"wp-block-heading\">2022<\/h2>\n\n\n\n<p><\/p>\n\n\n\n<ol style=\"background:linear-gradient(89deg,rgb(255,203,112) 0%,rgb(199,81,192) 100%,rgb(65,88,208) 100%)\" class=\"wp-block-list has-background\">\n<li> <em>Propri\u00e9t\u00e9s asymptotiques d&#8217;estimateurs non param\u00e9triques pour des donn\u00e9es incompl\u00e8tes mixtes<\/em>. Soutenue en <strong>2022 <\/strong>par <strong>Bey Siham<\/strong>, dirig\u00e9e par Pr Tatachak Abdelkader.<\/li>\n\n\n\n<li><em>\u00c9tude asymptotique des propri\u00e9t\u00e9s des M-estimat<\/em>eurs pour des donn\u00e9es d\u00e9pendantes. Soutenue en <strong>2022 <\/strong>par <strong>Gheliem Asma<\/strong>, dirig\u00e9e par Pr. Guessoum Zohra.<\/li>\n\n\n\n<li><em>Sur l&#8217;inf\u00e9rence dans les mod\u00e8les de donn\u00e9es faiblement d\u00e9pendantes<\/em>. Soutenue en <strong>2022 <\/strong>par <strong>Rih Soumia<\/strong>, dirig\u00e9e par Pr Tatachak Abdelkader.<\/li>\n<\/ol>\n\n\n\n<h2 class=\"wp-block-heading\">2021<\/h2>\n\n\n\n<ol style=\"background:linear-gradient(89deg,rgb(255,203,112) 0%,rgb(199,81,192) 100%,rgb(65,88,208) 100%)\" class=\"wp-block-list has-background\">\n<li><em>Test de d\u00e9tection du caract\u00e8re al\u00e9atoire du mod\u00e8le graphique<\/em>. Soutenue en <strong>2021 <\/strong>par <strong>Brairi Houssem<\/strong>, dirig\u00e9e par Pr Medkour Tarek.<\/li>\n\n\n\n<li><em>Hazard function from contaminating observations<\/em>. Soutenue en <strong>2021 <\/strong>par <strong>Benjrada Mohammed Es-salih<\/strong>, dirig\u00e9e par Pr Djaballah Khedidja.<\/li>\n\n\n\n<li><em>Estimation semi-param\u00e9trique des ruptures offline et online d&#8217;un processus longue m\u00e9moire<\/em>.   Soutenue en <strong>2021 <\/strong>par <strong>Guenaizi Abdellatif<\/strong>, dirig\u00e9e par Pr Djaballah Khedidja.<\/li>\n\n\n\n<li><em>Simulation et calcul intensif parall\u00e8le pour l&#8217;\u00e9chantillonnage statistique dans les syst\u00e8mes d&#8217;\u00e9quations diff\u00e9rentielles stochastiques<\/em>. Soutenue en <strong>2021 <\/strong>par <strong>Guidoum Arslane Chouaib<\/strong>, dirig\u00e9e par Pr Boukhetala Kamal.<\/li>\n\n\n\n<li><em>D\u00e9finition, propri\u00e9t\u00e9s et estimation pour des processus causaux alpha-stables<\/em>. Soutenue en <strong>2021 <\/strong>par<strong> Kerar Lynda<\/strong> dirig\u00e9e par Pr Djaballah Khedidja.<\/li>\n\n\n\n<li><em>Sur l&#8217;instant de premier passage dans les risques dynamiques actuariels<\/em>. Soutenue en <strong>2021 <\/strong>par <strong>Kacef Mohamed Amine<\/strong>, dirig\u00e9e par Pr Boukhetala Kamal.<\/li>\n<\/ol>\n\n\n\n<h2 class=\"wp-block-heading\">2020<\/h2>\n\n\n\n<ol style=\"background:linear-gradient(89deg,rgb(255,203,112) 0%,rgb(199,81,192) 100%,rgb(65,88,208) 100%)\" class=\"wp-block-list has-background\">\n<li><em>Inf\u00e9rence dans les mod\u00e8les tronqu\u00e9s et censur\u00e9s<\/em>. Soutenue en <strong>2020<\/strong> par <strong>Benseradj Hassiba<\/strong>, dirig\u00e9e par Pr. Guessoum Zohra.<\/li>\n<\/ol>\n\n\n\n<h2 class=\"wp-block-heading\">2019<\/h2>\n\n\n\n<ol style=\"background:linear-gradient(89deg,rgb(255,203,112) 0%,rgb(199,81,192) 100%,rgb(65,88,208) 100%)\" class=\"wp-block-list has-background\">\n<li><em>Quelques propri\u00e9t\u00e9s asymptotiques de l\u2019estimateur du quantile dans un mod\u00e8le associ\u00e9 tronqu\u00e9<\/em>. Soutenue en <strong>2019 <\/strong>par <strong>Adjoudj Latifa<\/strong>, dirig\u00e9e par Pr Tatachak Abdelkader.<\/li>\n\n\n\n<li><em>Comportement asymptotique d\u2019un estimateur \u00e0 noyau du quantile pour des donn\u00e9es censur\u00e9es et associ\u00e9es<\/em>.   Soutenue en <strong>2019 <\/strong>par <strong>Djelladj Wafaa<\/strong>, dirig\u00e9e par Pr Tatachak Abdelkader.<\/li>\n\n\n\n<li><em>Estimation param\u00e9trique et non-param\u00e9trique en utilisant une approche de r\u00e9gression quantile<\/em>. Soutenue en <strong>20<\/strong>19 par <strong>Meziani Aymen<\/strong>, dirig\u00e9e par Pr Medkour Tarek.<\/li>\n<\/ol>\n\n\n\n<h2 class=\"wp-block-heading\">2017<\/h2>\n\n\n\n<ol style=\"background:linear-gradient(89deg,rgb(255,203,112) 0%,rgb(199,81,192) 100%,rgb(65,88,208) 100%)\" class=\"wp-block-list has-background\">\n<li><em>\u00c9tude d&#8217;un mod\u00e8le des valeurs extr\u00eames en pr\u00e9sence de censure al\u00e9atoire \u00e0 droite<\/em>. Soutenue en <strong>2017 <\/strong>par <strong>Ameraoui Abdelkader<\/strong>, dirig\u00e9e par Pr Boukhetala Kamal.<\/li>\n\n\n\n<li><em>La factorisation en matrices non n\u00e9gatives<\/em>. Soutenue en <strong>2017 <\/strong>par <strong>Chouh Meriem<\/strong>, dirig\u00e9e par Pr Boukhetala Kamal.<\/li>\n\n\n\n<li><em>Estimation non param\u00e9trique pour les donn\u00e9es incompl\u00e8tes et associ\u00e9es<\/em>.  Soutenue en <strong>2017<\/strong> par <strong>Hamrani Farida<\/strong>, dirig\u00e9e par Pr. Guessoum Zohra.<\/li>\n\n\n\n<li><em>Estimateur \u00e0 noyau de la r\u00e9gression dans les mod\u00e8les censur\u00e9s et associ\u00e9s<\/em>.    Soutenue en <strong>2017 <\/strong>par <strong>Menni Nassira<\/strong>, dirig\u00e9e par Pr Tatachak Abdelkader.<\/li>\n<\/ol>\n\n\n\n<h2 class=\"wp-block-heading\">2016<\/h2>\n\n\n\n<ol style=\"background:linear-gradient(89deg,rgb(255,203,112) 0%,rgb(199,81,192) 100%,rgb(65,88,208) 100%)\" class=\"wp-block-list has-background\">\n<li><em>Estimation des param\u00e8tres de processus causaux affines par la m\u00e9thode du maximum de vraisemblance<\/em>. Soutenue en <strong>2016 <\/strong>par <strong>Boularouk<\/strong> Yakoub , dirig\u00e9e par Pr Djaballah Khedidja.<\/li>\n<\/ol>\n\n\n\n<h2 class=\"wp-block-heading\">2014<\/h2>\n\n\n\n<ol style=\"background:linear-gradient(89deg,rgb(255,203,112) 0%,rgb(199,81,192) 100%,rgb(65,88,208) 100%)\" class=\"wp-block-list has-background\">\n<li><em>Sur l&#8217;estimation non param\u00e9trique de la densit\u00e9 et du mode dans les mod\u00e8les de donn\u00e9es incompl\u00e8tes et associ\u00e9es<\/em>. Soutenue en <strong>2014<\/strong> par <strong>Ferrani Yacine<\/strong>, dirig\u00e9e par Pr Tatachak Abdelkader.<\/li>\n<\/ol>\n\n\n\n<p><\/p>\n","protected":false},"excerpt":{"rendered":"<p>2024 2023 2022 2021 2020 2019 2017 2016 2014<\/p>\n","protected":false},"author":1,"featured_media":0,"parent":0,"menu_order":0,"comment_status":"closed","ping_status":"closed","template":"","meta":{"footnotes":""},"class_list":["post-12","page","type-page","status-publish","hentry"],"_links":{"self":[{"href":"https:\/\/lmstd.usthb.dz\/index.php\/wp-json\/wp\/v2\/pages\/12","targetHints":{"allow":["GET"]}}],"collection":[{"href":"https:\/\/lmstd.usthb.dz\/index.php\/wp-json\/wp\/v2\/pages"}],"about":[{"href":"https:\/\/lmstd.usthb.dz\/index.php\/wp-json\/wp\/v2\/types\/page"}],"author":[{"embeddable":true,"href":"https:\/\/lmstd.usthb.dz\/index.php\/wp-json\/wp\/v2\/users\/1"}],"replies":[{"embeddable":true,"href":"https:\/\/lmstd.usthb.dz\/index.php\/wp-json\/wp\/v2\/comments?post=12"}],"version-history":[{"count":14,"href":"https:\/\/lmstd.usthb.dz\/index.php\/wp-json\/wp\/v2\/pages\/12\/revisions"}],"predecessor-version":[{"id":472,"href":"https:\/\/lmstd.usthb.dz\/index.php\/wp-json\/wp\/v2\/pages\/12\/revisions\/472"}],"wp:attachment":[{"href":"https:\/\/lmstd.usthb.dz\/index.php\/wp-json\/wp\/v2\/media?parent=12"}],"curies":[{"name":"wp","href":"https:\/\/api.w.org\/{rel}","templated":true}]}}