{"id":96,"date":"2023-06-15T12:47:42","date_gmt":"2023-06-15T12:47:42","guid":{"rendered":"http:\/\/193.194.89.179\/wp_lmstd\/?page_id=96"},"modified":"2023-06-15T13:17:25","modified_gmt":"2023-06-15T13:17:25","slug":"equipe-7","status":"publish","type":"page","link":"https:\/\/lmstd.usthb.dz\/index.php\/equipe-7\/","title":{"rendered":"Equipe 7"},"content":{"rendered":"\n<h1 class=\"wp-block-heading\"><em><strong>Mod\u00e9lisation Et Pr\u00e9vision En Statistique Non Param\u00e9trique<\/strong><\/em><\/h1>\n\n\n\n<hr class=\"wp-block-separator has-alpha-channel-opacity\"\/>\n\n\n\n<p>Chef d&#8217;\u00e9quipe: Prof.&nbsp;Ourida SADKI<\/p>\n\n\n\n<hr class=\"wp-block-separator has-alpha-channel-opacity\"\/>\n\n\n\n<h3 class=\"wp-block-heading\"><strong>Les Chercheurs de l\u2019\u00e9quipe<\/strong><\/h3>\n\n\n\n<figure class=\"wp-block-table\"><table><tbody><tr><td>Chef d\u2019\u00e9quipe<\/td><td>Membres de l\u2019\u00e9quipe<\/td><td>Dipl\u00f4me<\/td><\/tr><tr><td><br><br><br>Pr. Sadki Ourida<\/td><td>Aliouche Saloua (D- LMD)<br>Benzamouche S. Ouardia\u00a0 (D-LMD)<br>Kebir Nour El Houda (D-LMD)<br>Benbouteldja\u00a0 Hamza\u00a0 (MAA)<br>Graba Samia Zouina ( MAA)<br>Nadji Meriem (MAA) <br>Yassa Malika (MAA)<\/td><td>Master<br>Master<br><br>Master<br>Magister<br>Magister<br>Magister<br>Magister<\/td><\/tr><\/tbody><\/table><\/figure>\n","protected":false},"excerpt":{"rendered":"<p>Mod\u00e9lisation Et Pr\u00e9vision En Statistique Non Param\u00e9trique Chef d&#8217;\u00e9quipe: Prof.&nbsp;Ourida SADKI Les Chercheurs de l\u2019\u00e9quipe Chef d\u2019\u00e9quipe Membres de l\u2019\u00e9quipe Dipl\u00f4me Pr. Sadki Ourida Aliouche Saloua (D- LMD)Benzamouche S. Ouardia\u00a0 (D-LMD)Kebir Nour El Houda (D-LMD)Benbouteldja\u00a0 Hamza\u00a0 (MAA)Graba Samia Zouina ( <span class=\"readmore\"><a href=\"https:\/\/lmstd.usthb.dz\/index.php\/equipe-7\/\">Continue Reading<\/a><\/span><\/p>\n","protected":false},"author":1,"featured_media":0,"parent":0,"menu_order":0,"comment_status":"closed","ping_status":"closed","template":"","meta":{"footnotes":""},"class_list":["post-96","page","type-page","status-publish","hentry"],"_links":{"self":[{"href":"https:\/\/lmstd.usthb.dz\/index.php\/wp-json\/wp\/v2\/pages\/96","targetHints":{"allow":["GET"]}}],"collection":[{"href":"https:\/\/lmstd.usthb.dz\/index.php\/wp-json\/wp\/v2\/pages"}],"about":[{"href":"https:\/\/lmstd.usthb.dz\/index.php\/wp-json\/wp\/v2\/types\/page"}],"author":[{"embeddable":true,"href":"https:\/\/lmstd.usthb.dz\/index.php\/wp-json\/wp\/v2\/users\/1"}],"replies":[{"embeddable":true,"href":"https:\/\/lmstd.usthb.dz\/index.php\/wp-json\/wp\/v2\/comments?post=96"}],"version-history":[{"count":2,"href":"https:\/\/lmstd.usthb.dz\/index.php\/wp-json\/wp\/v2\/pages\/96\/revisions"}],"predecessor-version":[{"id":125,"href":"https:\/\/lmstd.usthb.dz\/index.php\/wp-json\/wp\/v2\/pages\/96\/revisions\/125"}],"wp:attachment":[{"href":"https:\/\/lmstd.usthb.dz\/index.php\/wp-json\/wp\/v2\/media?parent=96"}],"curies":[{"name":"wp","href":"https:\/\/api.w.org\/{rel}","templated":true}]}}